{"id":2,"date":"2022-06-10T10:05:59","date_gmt":"2022-06-10T15:05:59","guid":{"rendered":"http:\/\/datea.com.co\/?page_id=2"},"modified":"2022-06-23T11:39:47","modified_gmt":"2022-06-23T16:39:47","slug":"pagina-ejemplo","status":"publish","type":"page","link":"https:\/\/datea.com.co\/","title":{"rendered":"DATEA"},"content":{"rendered":"[vc_row fullwidth=&#8221;true&#8221;][vc_column][layerslider_vc id=&#8221;1&#8243;][\/vc_column][\/vc_row][vc_row id=&#8221;servicios&#8221;][vc_column][vc_custom_heading text=&#8221;Nuestro apoyo se fundamenta en:&#8221; font_container=&#8221;tag:h1|text_align:center|line_height:1&#8243; use_theme_fonts=&#8221;yes&#8221; css_animation=&#8221;bounceInDown&#8221;][mk_padding_divider size=&#8221;70&#8243;][\/vc_column][\/vc_row][vc_row visibility=&#8221;hidden-sm&#8221;][vc_column width=&#8221;1\/3&#8243; css=&#8221;.vc_custom_1655148848584{padding-right: 20px !important;padding-left: 20px !important;}&#8221;][vc_single_image image=&#8221;26&#8243; img_size=&#8221;full&#8221; alignment=&#8221;center&#8221; css_animation=&#8221;bounceInLeft&#8221; css=&#8221;.vc_custom_1655997314119{padding-right: 20px !important;padding-left: 20px !important;}&#8221;][vc_custom_heading text=&#8221;Proceso comercial&#8221; font_container=&#8221;tag:h1|text_align:center|line_height:1&#8243; use_theme_fonts=&#8221;yes&#8221;][vc_column_text css=&#8221;.vc_custom_1655151254727{margin-bottom: 0px !important;padding-right: 10px !important;padding-left: 10px !important;}&#8221;]\n<p style=\"text-align: center;\">en el cual un cliente solicita un servicio o producto a la organizaci\u00f3n.<\/p>\n[\/vc_column_text][\/vc_column][vc_column width=&#8221;1\/3&#8243; css=&#8221;.vc_custom_1655148843095{padding-right: 20px !important;padding-left: 20px !important;}&#8221;][vc_single_image image=&#8221;24&#8243; img_size=&#8221;full&#8221; alignment=&#8221;center&#8221; css_animation=&#8221;bounceInDown&#8221; css=&#8221;.vc_custom_1655997330905{padding-right: 20px !important;padding-left: 20px !important;}&#8221;][vc_custom_heading text=&#8221;Proceso de compras&#8221; font_container=&#8221;tag:h1|text_align:center|line_height:1&#8243; use_theme_fonts=&#8221;yes&#8221;][vc_column_text css=&#8221;.vc_custom_1655998380173{margin-bottom: 0px !important;padding-right: 10px !important;padding-left: 10px !important;}&#8221;]\n<p style=\"text-align: center;\">en el cual se compran las posibles piezas o componentes que requieran la reparaci\u00f3n.<\/p>\n[\/vc_column_text][\/vc_column][vc_column width=&#8221;1\/3&#8243; css=&#8221;.vc_custom_1655148837269{padding-right: 20px !important;padding-left: 20px !important;}&#8221;][vc_single_image image=&#8221;25&#8243; img_size=&#8221;full&#8221; alignment=&#8221;center&#8221; css_animation=&#8221;bounceInRight&#8221; css=&#8221;.vc_custom_1655997322672{padding-right: 20px !important;padding-left: 20px !important;}&#8221;][vc_custom_heading text=&#8221;Proceso de producci\u00f3n&#8221; font_container=&#8221;tag:h1|text_align:center|line_height:1&#8243; use_theme_fonts=&#8221;yes&#8221;][vc_column_text css=&#8221;.vc_custom_1655998398994{margin-bottom: 0px !important;padding-right: 10px !important;padding-left: 10px !important;}&#8221;]\n<p style=\"text-align: center;\">en el cual se prepara el servicio o producto que se va a entregar al cliente.<\/p>\n[\/vc_column_text][\/vc_column][\/vc_row][vc_row visibility=&#8221;hidden-sm&#8221;][vc_column][mk_padding_divider size=&#8221;60&#8243;][\/vc_column][\/vc_row][vc_row visibility=&#8221;hidden-sm&#8221;][vc_column width=&#8221;1\/3&#8243; css=&#8221;.vc_custom_1655148848584{padding-right: 20px !important;padding-left: 20px !important;}&#8221;][vc_single_image image=&#8221;74&#8243; img_size=&#8221;full&#8221; alignment=&#8221;center&#8221; css_animation=&#8221;bounceInLeft&#8221; css=&#8221;.vc_custom_1655997883582{padding-right: 20px !important;padding-left: 20px !important;}&#8221;][vc_custom_heading text=&#8221;Procesos B\u00e1sicos y de Soporte&#8221; font_container=&#8221;tag:h1|text_align:center|line_height:1&#8243; use_theme_fonts=&#8221;yes&#8221;][vc_column_text css=&#8221;.vc_custom_1655998425757{margin-bottom: 0px !important;padding-right: 10px !important;padding-left: 10px !important;}&#8221;]\n<p style=\"text-align: center;\">procesos que proporcionan el valor a\u00f1adido, a trav\u00e9s de los cu\u00e1les creamos los productos que satisfacen las necesidades del cliente.<\/p>\n[\/vc_column_text][\/vc_column][vc_column width=&#8221;1\/3&#8243; css=&#8221;.vc_custom_1655148843095{padding-right: 20px !important;padding-left: 20px !important;}&#8221;][vc_single_image image=&#8221;75&#8243; img_size=&#8221;full&#8221; alignment=&#8221;center&#8221; css_animation=&#8221;bounceInDown&#8221; css=&#8221;.vc_custom_1655997899169{padding-right: 20px !important;padding-left: 20px !important;}&#8221;][vc_custom_heading text=&#8221;Proceso Administrativo&#8221; font_container=&#8221;tag:h1|text_align:center|line_height:1&#8243; use_theme_fonts=&#8221;yes&#8221;][vc_column_text css=&#8221;.vc_custom_1655998434376{margin-bottom: 0px !important;padding-right: 10px !important;padding-left: 10px !important;}&#8221;]\n<p style=\"text-align: center;\">c\u00f3mo y cu\u00e1ndo se deben dar las obligaciones y gesti\u00f3n de pendientes de actividades internas y externas.<\/p>\n[\/vc_column_text][\/vc_column][vc_column width=&#8221;1\/3&#8243; css=&#8221;.vc_custom_1655148837269{padding-right: 20px !important;padding-left: 20px !important;}&#8221;][vc_single_image image=&#8221;76&#8243; img_size=&#8221;full&#8221; alignment=&#8221;center&#8221; css_animation=&#8221;bounceInRight&#8221; css=&#8221;.vc_custom_1655997908388{padding-right: 20px !important;padding-left: 20px !important;}&#8221;][vc_custom_heading text=&#8221;Proceso Externalizado&#8221; font_container=&#8221;tag:h1|text_align:center|line_height:1&#8243; use_theme_fonts=&#8221;yes&#8221;][vc_column_text css=&#8221;.vc_custom_1655998460746{margin-bottom: 0px !important;padding-right: 10px !important;padding-left: 10px !important;}&#8221;]\n<p style=\"text-align: center;\">procesos que son necesarios para el sistema de gesti\u00f3n de la calidad de una organizaci\u00f3n y que desempe\u00f1a una parte externa.<\/p>\n[\/vc_column_text][\/vc_column][\/vc_row][vc_row visibility=&#8221;hidden-sm&#8221;][vc_column][mk_padding_divider size=&#8221;60&#8243;][\/vc_column][\/vc_row][vc_row visibility=&#8221;hidden-sm&#8221;][vc_column width=&#8221;1\/3&#8243; css=&#8221;.vc_custom_1655148848584{padding-right: 20px !important;padding-left: 20px !important;}&#8221;][vc_single_image image=&#8221;78&#8243; img_size=&#8221;full&#8221; alignment=&#8221;center&#8221; css_animation=&#8221;bounceInLeft&#8221; css=&#8221;.vc_custom_1655998144272{padding-right: 20px !important;padding-left: 20px !important;}&#8221;][vc_custom_heading text=&#8221;Proceso an\u00e1lisis de la solicitud petici\u00f3n del cliente&#8221; font_container=&#8221;tag:h1|text_align:center|line_height:1&#8243; use_theme_fonts=&#8221;yes&#8221;][vc_column_text css=&#8221;.vc_custom_1655998477227{margin-bottom: 0px !important;padding-right: 10px !important;padding-left: 10px !important;}&#8221;]\n<p style=\"text-align: center;\">en el cual se estudia lo que hay que entregar, c\u00f3mo entregarlo y cuando lo necesita el cliente.<\/p>\n[\/vc_column_text][\/vc_column][vc_column width=&#8221;1\/3&#8243; css=&#8221;.vc_custom_1655148843095{padding-right: 20px !important;padding-left: 20px !important;}&#8221;][vc_single_image image=&#8221;79&#8243; img_size=&#8221;full&#8221; alignment=&#8221;center&#8221; css_animation=&#8221;bounceInDown&#8221; css=&#8221;.vc_custom_1655998170002{padding-right: 20px !important;padding-left: 20px !important;}&#8221;][vc_custom_heading text=&#8221;Proceso de entrega del producto o servicio&#8221; font_container=&#8221;tag:h1|text_align:center|line_height:1&#8243; use_theme_fonts=&#8221;yes&#8221;][vc_column_text css=&#8221;.vc_custom_1655998485890{margin-bottom: 0px !important;padding-right: 10px !important;padding-left: 10px !important;}&#8221;]\n<p style=\"text-align: center;\">en el cual se entrega el servicio o producto al cliente.<\/p>\n[\/vc_column_text][\/vc_column][vc_column width=&#8221;1\/3&#8243; css=&#8221;.vc_custom_1655148837269{padding-right: 20px !important;padding-left: 20px !important;}&#8221;][vc_single_image image=&#8221;80&#8243; img_size=&#8221;full&#8221; alignment=&#8221;center&#8221; css_animation=&#8221;bounceInRight&#8221; css=&#8221;.vc_custom_1655998181432{padding-right: 20px !important;padding-left: 20px !important;}&#8221;][vc_custom_heading text=&#8221;Proceso de Gesti\u00f3n&#8221; font_container=&#8221;tag:h1|text_align:center|line_height:1&#8243; use_theme_fonts=&#8221;yes&#8221;][vc_column_text css=&#8221;.vc_custom_1655998511788{margin-bottom: 0px !important;padding-right: 10px !important;padding-left: 10px !important;}&#8221;]\n<p style=\"text-align: center;\">procesos de planificaci\u00f3n y provisi\u00f3n de los recursos necesarios para llevar a cabo los Procesos B\u00e1sicos y de Soporte as\u00ed como el seguimiento y la medici\u00f3n del desempe\u00f1o global del sistema de gesti\u00f3n de la calidad y la satisfacci\u00f3n del cliente.<\/p>\n[\/vc_column_text][\/vc_column][\/vc_row][vc_row visibility=&#8221;hidden-sm&#8221;][vc_column][mk_padding_divider size=&#8221;60&#8243;][\/vc_column][\/vc_row][vc_row visibility=&#8221;hidden-sm&#8221;][vc_column width=&#8221;1\/3&#8243; css=&#8221;.vc_custom_1655148848584{padding-right: 20px !important;padding-left: 20px !important;}&#8221;][\/vc_column][vc_column width=&#8221;1\/3&#8243; css=&#8221;.vc_custom_1655148843095{padding-right: 20px !important;padding-left: 20px !important;}&#8221;][vc_single_image image=&#8221;81&#8243; img_size=&#8221;full&#8221; alignment=&#8221;center&#8221; css_animation=&#8221;bounceInUp&#8221; css=&#8221;.vc_custom_1655998189814{padding-right: 20px !important;padding-left: 20px !important;}&#8221;][vc_custom_heading text=&#8221;Proceso posventa&#8221; font_container=&#8221;tag:h1|text_align:center|line_height:1&#8243; use_theme_fonts=&#8221;yes&#8221;][vc_column_text css=&#8221;.vc_custom_1655998528359{margin-bottom: 0px !important;padding-right: 10px !important;padding-left: 10px !important;}&#8221;]\n<p style=\"text-align: center;\">en el cual se ofrece un soporte para las dudas, sugerencias, quejas o reclamaciones que puedan existir una vez entregado el servicio o producto.<\/p>\n[\/vc_column_text][mk_padding_divider size=&#8221;60&#8243;][\/vc_column][vc_column width=&#8221;1\/3&#8243; css=&#8221;.vc_custom_1655148837269{padding-right: 20px !important;padding-left: 20px !important;}&#8221;][\/vc_column][\/vc_row][mk_page_section bg_image=&#8221;https:\/\/datea.com.co\/wp-content\/uploads\/2022\/06\/bg-2-servicios.jpg&#8221; bg_position=&#8221;center center&#8221; bg_stretch=&#8221;true&#8221; sidebar=&#8221;sidebar-1&#8243;][vc_column][mk_padding_divider size=&#8221;60&#8243;][vc_custom_heading text=&#8221;Nuestros servicios&#8221; font_container=&#8221;tag:h1|text_align:center|color:%23ffffff|line_height:1&#8243; use_theme_fonts=&#8221;yes&#8221; css_animation=&#8221;bounceInLeft&#8221;][mk_padding_divider size=&#8221;60&#8243;][vc_row_inner][vc_column_inner width=&#8221;1\/3&#8243;][vc_single_image image=&#8221;52&#8243; img_size=&#8221;full&#8221; alignment=&#8221;center&#8221; onclick=&#8221;custom_link&#8221; css_animation=&#8221;bounceInUp&#8221; link=&#8221;#contacto&#8221;][\/vc_column_inner][vc_column_inner width=&#8221;1\/3&#8243;][vc_single_image image=&#8221;51&#8243; img_size=&#8221;full&#8221; alignment=&#8221;center&#8221; onclick=&#8221;custom_link&#8221; css_animation=&#8221;bounceInDown&#8221; link=&#8221;#contacto&#8221;][\/vc_column_inner][vc_column_inner width=&#8221;1\/3&#8243;][vc_single_image image=&#8221;50&#8243; img_size=&#8221;full&#8221; alignment=&#8221;center&#8221; onclick=&#8221;custom_link&#8221; css_animation=&#8221;bounceInUp&#8221; link=&#8221;#contacto&#8221;][\/vc_column_inner][\/vc_row_inner][\/vc_column][\/mk_page_section][vc_row id=&#8221;contacto&#8221;][vc_column width=&#8221;1\/4&#8243;][\/vc_column][vc_column width=&#8221;1\/2&#8243;][mk_padding_divider size=&#8221;60&#8243;][vc_custom_heading text=&#8221;Cont\u00e1ctanos&#8221; font_container=&#8221;tag:h1|text_align:center&#8221; use_theme_fonts=&#8221;yes&#8221; css_animation=&#8221;bounceInLeft&#8221;][vc_column_text animation=&#8221;right-to-left&#8221; css=&#8221;.vc_custom_1655998585859{margin-bottom: 0px !important;}&#8221;]\n<p style=\"text-align: center;\">Para nosotros es muy importante atender sus solicitudes, quejas o recursos. Por favor utilice el siguiente formulario y uno de nuestros asesores se pondr\u00e1 en contacto a la brevedad.<\/p>\n[\/vc_column_text]<div role=\"form\" class=\"wpcf7\" id=\"wpcf7-f6-o1\" lang=\"es-CO\" dir=\"ltr\">\n<div class=\"screen-reader-response\"><p role=\"status\" aria-live=\"polite\" aria-atomic=\"true\"><\/p> <ul><\/ul><\/div>\n<form action=\"\/index.php\/wp-json\/wp\/v2\/pages\/2#wpcf7-f6-o1\" method=\"post\" class=\"wpcf7-form init\" novalidate=\"novalidate\" data-status=\"init\">\n<div style=\"display: none;\">\n<input type=\"hidden\" name=\"_wpcf7\" value=\"6\" \/>\n<input type=\"hidden\" name=\"_wpcf7_version\" value=\"5.6\" \/>\n<input type=\"hidden\" name=\"_wpcf7_locale\" value=\"es_CO\" \/>\n<input type=\"hidden\" name=\"_wpcf7_unit_tag\" value=\"wpcf7-f6-o1\" \/>\n<input type=\"hidden\" name=\"_wpcf7_container_post\" value=\"0\" \/>\n<input type=\"hidden\" name=\"_wpcf7_posted_data_hash\" value=\"\" \/>\n<\/div>\n<p><span class=\"wpcf7-form-control-wrap\" data-name=\"nombre\"><input type=\"text\" name=\"nombre\" value=\"\" size=\"40\" class=\"wpcf7-form-control wpcf7-text wpcf7-validates-as-required\" aria-required=\"true\" aria-invalid=\"false\" placeholder=\"Nombre\" \/><\/span><br \/>\n<span class=\"wpcf7-form-control-wrap\" data-name=\"email\"><input type=\"email\" name=\"email\" value=\"\" size=\"40\" class=\"wpcf7-form-control wpcf7-text wpcf7-email wpcf7-validates-as-required wpcf7-validates-as-email\" aria-required=\"true\" aria-invalid=\"false\" placeholder=\"Email\" \/><\/span><br \/>\n<span class=\"wpcf7-form-control-wrap\" data-name=\"tel\"><input type=\"tel\" name=\"tel\" value=\"\" size=\"40\" class=\"wpcf7-form-control wpcf7-text wpcf7-tel wpcf7-validates-as-required wpcf7-validates-as-tel\" aria-required=\"true\" aria-invalid=\"false\" placeholder=\"Tel\u00e9fono\" \/><\/span><br \/>\n<span class=\"wpcf7-form-control-wrap\" data-name=\"asunto\"><input type=\"text\" name=\"asunto\" value=\"\" size=\"40\" class=\"wpcf7-form-control wpcf7-text wpcf7-validates-as-required\" aria-required=\"true\" aria-invalid=\"false\" placeholder=\"Asunto\" \/><\/span><br \/>\n<span class=\"wpcf7-form-control-wrap\" data-name=\"mensaje\"><textarea name=\"mensaje\" cols=\"40\" rows=\"10\" class=\"wpcf7-form-control wpcf7-textarea\" aria-invalid=\"false\" placeholder=\"Mensaje\"><\/textarea><\/span><br \/>\n<input type=\"submit\" value=\"Enviar\" class=\"wpcf7-form-control has-spinner wpcf7-submit\" \/><\/p>\n<div class=\"wpcf7-response-output\" aria-hidden=\"true\"><\/div><\/form><\/div>[mk_padding_divider size=&#8221;60&#8243;][\/vc_column][vc_column width=&#8221;1\/4&#8243;][\/vc_column][\/vc_row][vc_row fullwidth=&#8221;true&#8221; id=&#8221;footer&#8221; css=&#8221;.vc_custom_1655997274938{background-color: #727272 !important;}&#8221;][vc_column][mk_padding_divider size=&#8221;60&#8243;][vc_single_image image=&#8221;62&#8243; img_size=&#8221;full&#8221; alignment=&#8221;center&#8221;][mk_social_networks size=&#8221;x-large&#8221; style=&#8221;circle&#8221; align=&#8221;center&#8221; instagram=&#8221;#&#8221; linkedin=&#8221;#&#8221;][vc_column_text css=&#8221;.vc_custom_1656002073656{margin-bottom: 0px !important;}&#8221;]\n<p style=\"text-align: center;\"><span style=\"color: #ffffff;\">Carrera 81B # 19B-85 | Bogot\u00e1, Colombia | info@datea.com.co<\/span><\/p>\n<p style=\"text-align: center;\"><span style=\"color: #ffffff;\">Powered by<\/span> <a href=\"https:\/\/adwg.co\" target=\"_blank\" rel=\"noopener\"><img decoding=\"async\" src=\"https:\/\/adwg.co\/adwg-agencia.png\" \/><\/a><\/p>\n[\/vc_column_text][mk_padding_divider size=&#8221;60&#8243;][\/vc_column][\/vc_row]\n","protected":false},"excerpt":{"rendered":"<p>[vc_row fullwidth=&#8221;true&#8221;][vc_column][layerslider_vc id=&#8221;1&#8243;][\/vc_column][\/vc_row][vc_row id=&#8221;servicios&#8221;][vc_column][vc_custom_heading text=&#8221;Nuestro apoyo se fundamenta en:&#8221; font_container=&#8221;tag:h1|text_align:center|line_height:1&#8243; use_theme_fonts=&#8221;yes&#8221; css_animation=&#8221;bounceInDown&#8221;][mk_padding_divider size=&#8221;70&#8243;][\/vc_column][\/vc_row][vc_row visibility=&#8221;hidden-sm&#8221;][vc_column width=&#8221;1\/3&#8243; css=&#8221;.vc_custom_1655148848584{padding-right: 20px !important;padding-left: 20px !important;}&#8221;][vc_single_image image=&#8221;26&#8243; img_size=&#8221;full&#8221; alignment=&#8221;center&#8221; css_animation=&#8221;bounceInLeft&#8221; css=&#8221;.vc_custom_1655997314119{padding-right: 20px !important;padding-left: 20px !important;}&#8221;][vc_custom_heading text=&#8221;Proceso comercial&#8221; font_container=&#8221;tag:h1|text_align:center|line_height:1&#8243; use_theme_fonts=&#8221;yes&#8221;][vc_column_text css=&#8221;.vc_custom_1655151254727{margin-bottom: 0px !important;padding-right: 10px !important;padding-left: 10px !important;}&#8221;] en el cual un cliente solicita un servicio o producto a la organizaci\u00f3n. [\/vc_column_text][\/vc_column][vc_column width=&#8221;1\/3&#8243; [&hellip;]<\/p>\n","protected":false},"author":1,"featured_media":0,"parent":0,"menu_order":0,"comment_status":"closed","ping_status":"open","template":"","meta":{"footnotes":""},"class_list":["post-2","page","type-page","status-publish","hentry"],"_links":{"self":[{"href":"https:\/\/datea.com.co\/index.php\/wp-json\/wp\/v2\/pages\/2","targetHints":{"allow":["GET"]}}],"collection":[{"href":"https:\/\/datea.com.co\/index.php\/wp-json\/wp\/v2\/pages"}],"about":[{"href":"https:\/\/datea.com.co\/index.php\/wp-json\/wp\/v2\/types\/page"}],"author":[{"embeddable":true,"href":"https:\/\/datea.com.co\/index.php\/wp-json\/wp\/v2\/users\/1"}],"replies":[{"embeddable":true,"href":"https:\/\/datea.com.co\/index.php\/wp-json\/wp\/v2\/comments?post=2"}],"version-history":[{"count":51,"href":"https:\/\/datea.com.co\/index.php\/wp-json\/wp\/v2\/pages\/2\/revisions"}],"predecessor-version":[{"id":91,"href":"https:\/\/datea.com.co\/index.php\/wp-json\/wp\/v2\/pages\/2\/revisions\/91"}],"wp:attachment":[{"href":"https:\/\/datea.com.co\/index.php\/wp-json\/wp\/v2\/media?parent=2"}],"curies":[{"name":"wp","href":"https:\/\/api.w.org\/{rel}","templated":true}]}}